{"id":7479,"date":"2018-07-05T08:58:33","date_gmt":"2018-07-05T06:58:33","guid":{"rendered":"https:\/\/webbranding.hu\/contact\/"},"modified":"2025-02-11T13:13:06","modified_gmt":"2025-02-11T12:13:06","slug":"contacts","status":"publish","type":"page","link":"https:\/\/webbranding.hu\/en\/contacts\/","title":{"rendered":"Contacts"},"content":{"rendered":"<section class=\"l-section wpb_row us_custom_ce53f817 height_small\"><div class=\"l-section-h i-cf\"><div class=\"g-cols vc_row via_grid cols_1 laptops-cols_inherit tablets-cols_inherit mobiles-cols_1 valign_top type_default stacking_default\"><div class=\"wpb_column vc_column_container\"><div class=\"vc_column-inner\"><nav class=\"g-breadcrumbs us_custom_f2eec366 separator_icon align_none\" itemscope itemtype=\"http:\/\/schema.org\/BreadcrumbList\"><div class=\"g-breadcrumbs-item\" itemscope itemprop=\"itemListElement\" itemtype=\"http:\/\/schema.org\/ListItem\"><a itemprop=\"item\" href=\"https:\/\/webbranding.hu\/en\/\"><span itemprop=\"name\">Home<\/span><\/a><meta itemprop=\"position\" content=\"1\"\/><\/div><div class=\"g-breadcrumbs-separator\"><i class=\"far fa-angle-right\"><\/i><\/div><div class=\"g-breadcrumbs-item\">Pages<\/div><\/nav><h1 class=\"w-text us_custom_1f257949\"><span class=\"w-text-h\"><span class=\"w-text-value\">Contacts<\/span><\/span><\/h1><div class=\"w-separator size_medium\"><\/div><div class=\"g-cols wpb_row via_grid cols_3 laptops-cols_inherit tablets-cols_2 mobiles-cols_1 valign_top type_default stacking_default\" style=\"--columns-gap:2rem;--laptops-columns-gap:2rem;--tablets-columns-gap:2rem;--mobiles-columns-gap:1rem;\"><div class=\"wpb_column vc_column_container us_custom_b40e08c4 has_bg_color\"><div class=\"vc_column-inner\"><div class=\"w-iconbox iconpos_top style_default color_contrast align_center\"><div class=\"w-iconbox-icon\" style=\"font-size:2rem;\"><i class=\"fas fa-envelope\"><\/i><\/div><div class=\"w-iconbox-meta\"><h4 class=\"w-iconbox-title\">E-mail<\/h4><div class=\"w-iconbox-text\"><p><strong><a href=\"mailto:hello@webbranding.hu\">hello@webbranding.hu<\/a><\/strong><\/p>\n<\/div><\/div><\/div><\/div><\/div><div class=\"wpb_column vc_column_container us_custom_b40e08c4 has_bg_color\"><div class=\"vc_column-inner\"><div class=\"w-iconbox iconpos_top style_default color_contrast align_center\"><div class=\"w-iconbox-icon\" style=\"font-size:2rem;\"><i class=\"fas fa-phone\"><\/i><\/div><div class=\"w-iconbox-meta\"><h4 class=\"w-iconbox-title\">Phone<\/h4><div class=\"w-iconbox-text\"><p><strong><a href=\"tel:+36302982402\">+36 30 298 2402<\/a><\/strong><\/p>\n<\/div><\/div><\/div><\/div><\/div><div class=\"wpb_column vc_column_container us_custom_b40e08c4 has_bg_color\"><div class=\"vc_column-inner\"><div class=\"w-iconbox iconpos_top style_default color_contrast align_center\"><div class=\"w-iconbox-icon\" style=\"font-size:2rem;\"><i class=\"fas fa-map-marker-alt\"><\/i><\/div><div class=\"w-iconbox-meta\"><h4 class=\"w-iconbox-title\">Our office<\/h4><div class=\"w-iconbox-text\"><p><a href=\"https:\/\/maps.app.goo.gl\/VWaZDsX6WQkvqux18\" target=\"_blank\" rel=\"noopener\"><strong>1072 Budapest, R\u00e1k\u00f3czi \u00fat 4.<\/strong><\/a><\/p>\n<\/div><\/div><\/div><\/div><\/div><\/div><div class=\"w-separator size_small\"><\/div><div class=\"w-html\"><iframe src=\"https:\/\/www.google.com\/maps\/embed?pb=!1m18!1m12!1m3!1d3657.0598851248333!2d19.056801452808948!3d47.494872774931565!2m3!1f0!2f0!3f0!3m2!1i1024!2i768!4f13.1!3m3!1m2!1s0x4741dc431c6499c1:0xa1d15aa61b1aeb89!2zQnVkYXBlc3QsIFLDoWvDs2N6aSDDunQgNCwgMTA3Mg!5e0!3m2!1shu!2shu!4v1702651043277!5m2!1shu!2shu\" width=\"100%\" height=\"650\" style=\"border:0;\" allowfullscreen=\"\" loading=\"lazy\" referrerpolicy=\"no-referrer-when-downgrade\"><\/iframe><\/div><div class=\"w-separator size_medium\"><\/div><div class=\"w-socials us_custom_845f7bc5 color_link shape_square style_default hover_fade\"><div class=\"w-socials-list\"><div class=\"w-socials-item facebook\"><a href=\"https:\/\/www.facebook.com\/webbranding.hu\/\" class=\"w-socials-item-link\" aria-label=\"Facebook\"><span class=\"w-socials-item-link-hover\"><\/span><i class=\"fab fa-facebook\"><\/i><\/a><div class=\"w-socials-item-popup\"><span>Facebook<\/span><\/div><\/div><div class=\"w-socials-item tiktok\"><a href=\"https:\/\/www.facebook.com\/webbranding.hu\/\" class=\"w-socials-item-link\" aria-label=\"TikTok\"><span class=\"w-socials-item-link-hover\"><\/span><i class=\"fab fa-tiktok\"><\/i><\/a><div class=\"w-socials-item-popup\"><span>TikTok<\/span><\/div><\/div><div class=\"w-socials-item instagram\"><a href=\"https:\/\/www.instagram.com\/webbranding.hu\/\" class=\"w-socials-item-link\" aria-label=\"Instagram\"><span class=\"w-socials-item-link-hover\"><\/span><i class=\"fab fa-instagram\"><\/i><\/a><div class=\"w-socials-item-popup\"><span>Instagram<\/span><\/div><\/div><div class=\"w-socials-item youtube\"><a href=\"https:\/\/www.youtube.com\/@webbranding_hu\" class=\"w-socials-item-link\" aria-label=\"YouTube\" target=\"_blank\" rel=\"noopener\"><span class=\"w-socials-item-link-hover\"><\/span><i class=\"fab fa-youtube\"><\/i><\/a><div class=\"w-socials-item-popup\"><span>YouTube<\/span><\/div><\/div><\/div><\/div><\/div><\/div><\/div><\/div><\/section>\n","protected":false},"excerpt":{"rendered":"HomePagesContactsE-mailhello@webbranding.hu Phone+36 30 298 2402 Our office1072 Budapest, R\u00e1k\u00f3czi \u00fat 4. FacebookTikTokInstagramYouTube","protected":false},"author":2,"featured_media":0,"parent":0,"menu_order":0,"comment_status":"closed","ping_status":"closed","template":"","meta":{"_acf_changed":false,"footnotes":""},"class_list":["post-7479","page","type-page","status-publish","hentry"],"acf":[],"_links":{"self":[{"href":"https:\/\/webbranding.hu\/en\/wp-json\/wp\/v2\/pages\/7479","targetHints":{"allow":["GET"]}}],"collection":[{"href":"https:\/\/webbranding.hu\/en\/wp-json\/wp\/v2\/pages"}],"about":[{"href":"https:\/\/webbranding.hu\/en\/wp-json\/wp\/v2\/types\/page"}],"author":[{"embeddable":true,"href":"https:\/\/webbranding.hu\/en\/wp-json\/wp\/v2\/users\/2"}],"replies":[{"embeddable":true,"href":"https:\/\/webbranding.hu\/en\/wp-json\/wp\/v2\/comments?post=7479"}],"version-history":[{"count":6,"href":"https:\/\/webbranding.hu\/en\/wp-json\/wp\/v2\/pages\/7479\/revisions"}],"predecessor-version":[{"id":8479,"href":"https:\/\/webbranding.hu\/en\/wp-json\/wp\/v2\/pages\/7479\/revisions\/8479"}],"wp:attachment":[{"href":"https:\/\/webbranding.hu\/en\/wp-json\/wp\/v2\/media?parent=7479"}],"curies":[{"name":"wp","href":"https:\/\/api.w.org\/{rel}","templated":true}]}}